{"id":20,"date":"2016-03-25T20:16:12","date_gmt":"2016-03-25T19:16:12","guid":{"rendered":"http:\/\/stolarnia-czapiewski.pl\/?page_id=20"},"modified":"2018-05-26T14:23:13","modified_gmt":"2018-05-26T12:23:13","slug":"oferta","status":"publish","type":"page","link":"https:\/\/stolarnia-czapiewski.pl\/index.php\/oferta\/","title":{"rendered":"Oferta"},"content":{"rendered":"<p style=\"text-align: center;\">Proponujemy Pa\u0144stwu nasze rozwi\u0105zania z zakresu stolarki budowlanej, wyko\u0144czeniowej, ogrodowej oraz renowacyjnej.<\/p>\n<p style=\"text-align: center;\"><!--more--><\/p>\n<p style=\"text-align: center;\">Wykonujemy projekty z najwy\u017cszej jako\u015bci drewna i element\u00f3w uzupe\u0142niaj\u0105cych, efekty zostaj\u0105 dostosowane do wszelkich wymaga\u0144 zamawiaj\u0105cego, zar\u00f3wno pod wzgl\u0119dem jako\u015bci, kolorystyki jak i estetyki wykonania.<\/p>\n<p style=\"text-align: center;\"><!--more--><\/p>\n<p style=\"text-align: center;\">Hitem ostatnich sezon\u00f3w s\u0105 <a href=\"http:\/\/stolarnia-czapiewski.pl\/index.php\/stolarka-ogrodowa\/\"><strong>nasze rozk\u0142adane zestawy ogrodowe<\/strong><\/a>!<\/p>\n<p style=\"text-align: center;\">Wi\u0119cej informacji w ofertach i galeriach<\/p>\n<p style=\"text-align: center;\"><!--more--><\/p>\n<p style=\"text-align: center;\">Zapraszamy do kontaktu telefonicznego oraz osobistego w siedzibie firmy w miejscowo\u015bci \u0141\u0105g Kolonia k. Czerska woj. pomorskie.<\/p>\n<p style=\"text-align: center;\"><!--more--><\/p>\n<p style=\"text-align: center;\">Nasze rozwi\u0105zania prezentujemy r\u00f3wnie\u017c w ka\u017cd\u0105 niedziel\u0119 na gie\u0142dzie przy ul. Powsta\u0144c\u00f3w Warszawy w Pruszczu Gda\u0144skim.<\/p>\n","protected":false},"excerpt":{"rendered":"<p>Proponujemy Pa\u0144stwu nasze rozwi\u0105zania z zakresu stolarki budowlanej, wyko\u0144czeniowej, ogrodowej oraz renowacyjnej.<\/p>\n","protected":false},"author":1,"featured_media":0,"parent":0,"menu_order":0,"comment_status":"closed","ping_status":"closed","template":"","meta":[],"_links":{"self":[{"href":"https:\/\/stolarnia-czapiewski.pl\/index.php\/wp-json\/wp\/v2\/pages\/20"}],"collection":[{"href":"https:\/\/stolarnia-czapiewski.pl\/index.php\/wp-json\/wp\/v2\/pages"}],"about":[{"href":"https:\/\/stolarnia-czapiewski.pl\/index.php\/wp-json\/wp\/v2\/types\/page"}],"author":[{"embeddable":true,"href":"https:\/\/stolarnia-czapiewski.pl\/index.php\/wp-json\/wp\/v2\/users\/1"}],"replies":[{"embeddable":true,"href":"https:\/\/stolarnia-czapiewski.pl\/index.php\/wp-json\/wp\/v2\/comments?post=20"}],"version-history":[{"count":6,"href":"https:\/\/stolarnia-czapiewski.pl\/index.php\/wp-json\/wp\/v2\/pages\/20\/revisions"}],"predecessor-version":[{"id":133,"href":"https:\/\/stolarnia-czapiewski.pl\/index.php\/wp-json\/wp\/v2\/pages\/20\/revisions\/133"}],"wp:attachment":[{"href":"https:\/\/stolarnia-czapiewski.pl\/index.php\/wp-json\/wp\/v2\/media?parent=20"}],"curies":[{"name":"wp","href":"https:\/\/api.w.org\/{rel}","templated":true}]}}