{"id":27,"date":"2016-03-25T20:19:10","date_gmt":"2016-03-25T19:19:10","guid":{"rendered":"http:\/\/stolarnia-czapiewski.pl\/?page_id=27"},"modified":"2018-05-26T12:54:35","modified_gmt":"2018-05-26T10:54:35","slug":"kontekat","status":"publish","type":"page","link":"https:\/\/stolarnia-czapiewski.pl\/index.php\/kontekat\/","title":{"rendered":"Kontakt"},"content":{"rendered":"<p>woj. pomorskie, pow. chojnicki<br \/>\ngmina Czersk<\/p>\n<p>\u0141\u0105g Kolonia 59<br \/>\n89-652 \u0141\u0105g<\/p>\n<p style=\"text-align: center;\">Adam Czapiewski<\/p>\n<p style=\"text-align: center;\">605 367 494<\/p>\n","protected":false},"excerpt":{"rendered":"<p>woj. pomorskie, pow. chojnicki gmina Czersk \u0141\u0105g Kolonia 59 89-652 \u0141\u0105g Adam Czapiewski 605 367 494<\/p>\n","protected":false},"author":1,"featured_media":0,"parent":0,"menu_order":0,"comment_status":"closed","ping_status":"closed","template":"","meta":[],"_links":{"self":[{"href":"https:\/\/stolarnia-czapiewski.pl\/index.php\/wp-json\/wp\/v2\/pages\/27"}],"collection":[{"href":"https:\/\/stolarnia-czapiewski.pl\/index.php\/wp-json\/wp\/v2\/pages"}],"about":[{"href":"https:\/\/stolarnia-czapiewski.pl\/index.php\/wp-json\/wp\/v2\/types\/page"}],"author":[{"embeddable":true,"href":"https:\/\/stolarnia-czapiewski.pl\/index.php\/wp-json\/wp\/v2\/users\/1"}],"replies":[{"embeddable":true,"href":"https:\/\/stolarnia-czapiewski.pl\/index.php\/wp-json\/wp\/v2\/comments?post=27"}],"version-history":[{"count":3,"href":"https:\/\/stolarnia-czapiewski.pl\/index.php\/wp-json\/wp\/v2\/pages\/27\/revisions"}],"predecessor-version":[{"id":106,"href":"https:\/\/stolarnia-czapiewski.pl\/index.php\/wp-json\/wp\/v2\/pages\/27\/revisions\/106"}],"wp:attachment":[{"href":"https:\/\/stolarnia-czapiewski.pl\/index.php\/wp-json\/wp\/v2\/media?parent=27"}],"curies":[{"name":"wp","href":"https:\/\/api.w.org\/{rel}","templated":true}]}}