{"id":49,"date":"2016-03-25T20:25:34","date_gmt":"2016-03-25T19:25:34","guid":{"rendered":"http:\/\/stolarnia-czapiewski.pl\/?page_id=49"},"modified":"2018-05-26T12:52:50","modified_gmt":"2018-05-26T10:52:50","slug":"dane-kontaktowe","status":"publish","type":"page","link":"https:\/\/stolarnia-czapiewski.pl\/index.php\/dane-kontaktowe\/","title":{"rendered":"Dane kontaktowe"},"content":{"rendered":"<p>Czapiewski Adam<\/p>\n<p>\u0141\u0105g Kolonia 59<br \/>\n89-652 \u0141\u0105g<\/p>\n<p>admin@stolarnia-czapiewski.pl<br \/>\ntel. 605 367 494<\/p>\n","protected":false},"excerpt":{"rendered":"<p>Czapiewski Adam \u0141\u0105g Kolonia 59 89-652 \u0141\u0105g admin@stolarnia-czapiewski.pl tel. 605 367 494<\/p>\n","protected":false},"author":1,"featured_media":0,"parent":0,"menu_order":0,"comment_status":"closed","ping_status":"closed","template":"","meta":[],"_links":{"self":[{"href":"https:\/\/stolarnia-czapiewski.pl\/index.php\/wp-json\/wp\/v2\/pages\/49"}],"collection":[{"href":"https:\/\/stolarnia-czapiewski.pl\/index.php\/wp-json\/wp\/v2\/pages"}],"about":[{"href":"https:\/\/stolarnia-czapiewski.pl\/index.php\/wp-json\/wp\/v2\/types\/page"}],"author":[{"embeddable":true,"href":"https:\/\/stolarnia-czapiewski.pl\/index.php\/wp-json\/wp\/v2\/users\/1"}],"replies":[{"embeddable":true,"href":"https:\/\/stolarnia-czapiewski.pl\/index.php\/wp-json\/wp\/v2\/comments?post=49"}],"version-history":[{"count":3,"href":"https:\/\/stolarnia-czapiewski.pl\/index.php\/wp-json\/wp\/v2\/pages\/49\/revisions"}],"predecessor-version":[{"id":104,"href":"https:\/\/stolarnia-czapiewski.pl\/index.php\/wp-json\/wp\/v2\/pages\/49\/revisions\/104"}],"wp:attachment":[{"href":"https:\/\/stolarnia-czapiewski.pl\/index.php\/wp-json\/wp\/v2\/media?parent=49"}],"curies":[{"name":"wp","href":"https:\/\/api.w.org\/{rel}","templated":true}]}}