{"id":51,"date":"2016-03-25T20:25:49","date_gmt":"2016-03-25T19:25:49","guid":{"rendered":"http:\/\/stolarnia-czapiewski.pl\/?page_id=51"},"modified":"2018-05-26T12:54:00","modified_gmt":"2018-05-26T10:54:00","slug":"znajdz-na-mapie","status":"publish","type":"page","link":"https:\/\/stolarnia-czapiewski.pl\/index.php\/znajdz-na-mapie\/","title":{"rendered":"Znajd\u017a na mapie"},"content":{"rendered":"<p>woj. pomorskie, pow. chojnicki<br \/>\ngmina Czersk<\/p>\n<p>\u0141\u0105g Kolonia 59<br \/>\n89-652 \u0141\u0105g<\/p>\n<p style=\"text-align: center;\"><iframe loading=\"lazy\" style=\"border: 0; margin: 0 auto;\" src=\"https:\/\/www.google.com\/maps\/embed?pb=!1m18!1m12!1m3!1d8239.522981668266!2d18.024426438087485!3d53.83201206531381!2m3!1f0!2f0!3f0!3m2!1i1024!2i768!4f13.1!3m3!1m2!1s0x4702615e4146212d%3A0x7b956f663dfeef9a!2sStolarnia+Adam+Czapiewski!5e0!3m2!1spl!2spl!4v1527323909144\" width=\"600\" height=\"450\" frameborder=\"0\" allowfullscreen=\"allowfullscreen\"><span data-mce-type=\"bookmark\" style=\"display: inline-block; width: 0px; overflow: hidden; line-height: 0;\" class=\"mce_SELRES_start\">\ufeff<\/span><\/iframe><\/p>\n","protected":false},"excerpt":{"rendered":"<p>woj. pomorskie, pow. chojnicki gmina Czersk \u0141\u0105g Kolonia 59 89-652 \u0141\u0105g \ufeff<\/p>\n","protected":false},"author":1,"featured_media":0,"parent":0,"menu_order":0,"comment_status":"closed","ping_status":"closed","template":"","meta":[],"_links":{"self":[{"href":"https:\/\/stolarnia-czapiewski.pl\/index.php\/wp-json\/wp\/v2\/pages\/51"}],"collection":[{"href":"https:\/\/stolarnia-czapiewski.pl\/index.php\/wp-json\/wp\/v2\/pages"}],"about":[{"href":"https:\/\/stolarnia-czapiewski.pl\/index.php\/wp-json\/wp\/v2\/types\/page"}],"author":[{"embeddable":true,"href":"https:\/\/stolarnia-czapiewski.pl\/index.php\/wp-json\/wp\/v2\/users\/1"}],"replies":[{"embeddable":true,"href":"https:\/\/stolarnia-czapiewski.pl\/index.php\/wp-json\/wp\/v2\/comments?post=51"}],"version-history":[{"count":10,"href":"https:\/\/stolarnia-czapiewski.pl\/index.php\/wp-json\/wp\/v2\/pages\/51\/revisions"}],"predecessor-version":[{"id":105,"href":"https:\/\/stolarnia-czapiewski.pl\/index.php\/wp-json\/wp\/v2\/pages\/51\/revisions\/105"}],"wp:attachment":[{"href":"https:\/\/stolarnia-czapiewski.pl\/index.php\/wp-json\/wp\/v2\/media?parent=51"}],"curies":[{"name":"wp","href":"https:\/\/api.w.org\/{rel}","templated":true}]}}